{"id":1026,"date":"2012-11-21T12:23:28","date_gmt":"2012-11-21T12:23:28","guid":{"rendered":"http:\/\/www.grupotuttopiccolo.com\/?page_id=1026"},"modified":"2014-04-16T16:44:19","modified_gmt":"2014-04-16T16:44:19","slug":"casting-tutto-piccolo","status":"publish","type":"page","link":"https:\/\/www.grupotuttopiccolo.com\/fr\/casting-tutto-piccolo\/","title":{"rendered":"Casting Tutto Piccolo"},"content":{"rendered":"<p><div id=\"aq-template-wrapper-2097\" class=\"aq-template-wrapper aq_row\"><div id=\"aq-block-2097-1\" class=\"aq-block aq-block-met_concept_slider_one aq_span12 aq-first clearfix\">\t\t\t<div class=\"row-fluid\">\r\n\t\t\t\t<div class=\"span12\">\r\n\t\t\t\t\t<div class=\"met_slider_wrap\">\r\n\t\t\t\t\t\t<div id=\"met_concept_slider_69e90167a245e\" class=\"met_slider clearfix\">\r\n\t\t\t\t\t\t\t\t\t\t\t\t\t\t\t<div class=\"met_slider_item clearfix\">\r\n\t\t\t\t\t\t\t\t\t<div class=\"met_slider_item_preview\"><a href=\"http:\/\/\"><img src=\"http:\/\/www.grupotuttopiccolo.com\/wp-content\/uploads\/2013\/11\/Casting_Tutto_Piccolo.png\" alt=\"Casting\"><\/a><\/div>\r\n\t\t\t\t\t\t\t\t\t<article class=\"met_slider_item_caption met_bgcolor4 met_color2\">\r\n\t\t\t\t\t\t\t\t\t\t<div>\r\n\t\t\t\t\t\t\t\t\t\t\t<h2 class=\"met_title_stack\">Casting<\/h2>\t\t\t\t\t\t\t\t\t\t\t<h3 class=\"met_title_stack met_bold_one\">Votre enfant repr\u00e9sentera peut \u00eatre l\u2019image de notre marque   <\/h3><br>\t\t\t\t\t\t\t\t\t\t\t\t\t\t\t\t\t\t\t\t\t\t\t\t\t\t\t\t\t\t\t\t<\/div>\r\n\t\t\t\t\t\t\t\t\t<\/article>\r\n\t\t\t\t\t\t\t\t<\/div>\r\n\t\t\t\t\t\t\t\t\t\t\t\t\t<\/div>\r\n\t\t\t\t\t\t\t\t\t\t\t\t<a href=\"#\" class=\"met_slider_nav_prev met_bgcolor met_bgcolor_transition2 met_color2\"><i class=\"icon-chevron-left\"><\/i><\/a>\r\n\t\t\t\t\t\t<a href=\"#\" class=\"met_slider_nav_next met_bgcolor met_bgcolor_transition2 met_color2\"><i class=\"icon-chevron-right\"><\/i><\/a>\r\n\t\t\t\t\t\t\t\t\t\t\t\t<div class=\"met_slider_overlay\"><\/div>\r\n\t\t\t\t\t<\/div>\r\n\t\t\t\t<\/div>\r\n\t\t\t<\/div><!-- Slider Ends  -->\r\n\r\n\t\t\t<script>\r\n\t\t\t\tjQuery(window).load(function(){\r\n\t\t\t\t\tjQuery(\"#met_concept_slider_69e90167a245e\").carouFredSel({\r\n\t\t\t\t\t\tresponsive: true,\r\n\t\t\t\t\t\tprev: { button : function(){ return jQuery(this).parents('.met_slider_wrap').find('.met_slider_nav_prev') } },\r\n\t\t\t\t\t\tnext:{ button : function(){ return jQuery(this).parents('.met_slider_wrap').find('.met_slider_nav_next') } },\r\n\t\t\t\t\t\tcircular: true,\r\n\t\t\t\t\t\tinfinite: true,\r\n\t\t\t\t\t\tauto: { play : true, pauseDuration: 0, duration: 2000 },\r\n\t\t\t\t\t\tscroll: { items: 1, duration: 400, wipe: true, pauseOnHover: true, fx: 'crossfade' },\r\n\t\t\t\t\t\titems: { visible: { min: 1, max: 1 }, height: 'variable' },\r\n\t\t\t\t\t\tonCreate: function(){\r\n\t\t\t\t\t\t\tjQuery(this).parents('.met_slider_wrap').find('.met_slider_overlay').fadeOut('fast',function(){\r\n\t\t\t\t\t\t\t\tjQuery(this).remove();\r\n\t\t\t\t\t\t\t});\r\n\t\t\t\t\t\t}\r\n\t\t\t\t\t});\r\n\t\t\t\t});\r\n\t\t\t<\/script>\r\n<\/div><div id=\"aq-block-2097-2\" class=\"aq-block aq-block-aq_column_block aq_span8 aq-first clearfix\"><div id=\"aq-block-2097-3\" class=\"aq-block aq-block-met_heading_block aq_span8 aq-first clearfix\"><h1 >Modalit\u00e9s et Conditions<\/h1><\/div><div id=\"aq-block-2097-4\" class=\"aq-block aq-block-aq_clear_block aq_span8 aq-first clearfix\"><hr class=\"aq-block-clear aq-block-hr-single\" style=\"background:#9e9fa0;\"\/><\/div><div id=\"aq-block-2097-5\" class=\"aq-block aq-block-met_text_block aq_span8 aq-first clearfix\">\t\t<div class=\"row-fluid\">\r\n\t\t\t<div class=\"span12\">\r\n\t\t\t\t<div class=\"met_text_block\" style=\"font-size:14px;line-height:21px;background-color:#F1F4F7!important;color:#65676F!important;padding: 30\"><p style=\"text-align: justify;\"> Pour des raisons l\u00e9gales, et par s\u00e9curit\u00e9, nous vous rappelons que l\u2019envoi de ce formulaire implique de fait l\u2019accord l\u00e9gal des parents ou des tuteurs. Soit, leur accord pour l\u2019affichage et la gestion des photographies comme seul objectif d\u2019entrer dans une base de donn\u00e9es avant la s\u00e9lection d\u00e9finitive des enfants qui se pr\u00e9senterons, ult\u00e9rieurement,  aux shootings.  <\/p>\n\n<p style=\"text-align: justify;\"> \nVotre email fera partie de notre base de donn\u00e9es et nous vous enverrons toutes les informations n\u00e9cessaires sur Tutto Piccolo \u00e0 cette adresse. <\/p>\n\n<p style=\"text-align: justify;\"> \nNous vous remercions de l\u2019int\u00e9r\u00eat port\u00e9 \u00e0 notre marque et toute l\u2019\u00e9quipe Tutto Piccolo vous souhaite bonne chance dans ce processus de s\u00e9lection. <\/p> \n<\/div>\r\n\t\t\t<\/div>\r\n\t\t<\/div>\r\n<\/div><\/div><div id=\"aq-block-2097-6\" class=\"aq-block aq-block-aq_column_block aq_span4  clearfix\"><div id=\"aq-block-2097-7\" class=\"aq-block aq-block-met_text_block aq_span4 aq-first clearfix\">\t\t<div class=\"row-fluid\">\r\n\t\t\t<div class=\"span12\">\r\n\t\t\t\t<div class=\"met_text_block\" style=\"font-size:14px;line-height:21px;background-color:#F1F4F7!important;color:#65676F!important;padding: 30\"><div role=\"form\" class=\"wpcf7\" id=\"wpcf7-f2110-o2\" lang=\"es-ES\" dir=\"ltr\">\n<div class=\"screen-reader-response\"><p role=\"status\" aria-live=\"polite\" aria-atomic=\"true\"><\/p> <ul><\/ul><\/div>\n<form action=\"\/fr\/wp-json\/wp\/v2\/pages\/1026#wpcf7-f2110-o2\" method=\"post\" class=\"wpcf7-form init\" enctype=\"multipart\/form-data\" novalidate=\"novalidate\" data-status=\"init\">\n<div style=\"display: none;\">\n<input type=\"hidden\" name=\"_wpcf7\" value=\"2110\" \/>\n<input type=\"hidden\" name=\"_wpcf7_version\" value=\"5.4.1\" \/>\n<input type=\"hidden\" name=\"_wpcf7_locale\" value=\"es_ES\" \/>\n<input type=\"hidden\" name=\"_wpcf7_unit_tag\" value=\"wpcf7-f2110-o2\" \/>\n<input type=\"hidden\" name=\"_wpcf7_container_post\" value=\"0\" \/>\n<input type=\"hidden\" name=\"_wpcf7_posted_data_hash\" value=\"\" \/>\n<\/div>\n<p>Nom du tuteur (obligatoire)<br \/>\n    <span class=\"wpcf7-form-control-wrap votre-nom\"><input type=\"text\" name=\"votre-nom\" value=\"\" size=\"40\" class=\"wpcf7-form-control wpcf7-text wpcf7-validates-as-required\" aria-required=\"true\" aria-invalid=\"false\" \/><\/span> <\/p>\n<p>E-mail (obligatoire)<br \/>\n    <span class=\"wpcf7-form-control-wrap votre-email\"><input type=\"email\" name=\"votre-email\" value=\"\" size=\"40\" class=\"wpcf7-form-control wpcf7-text wpcf7-email wpcf7-validates-as-required wpcf7-validates-as-email\" aria-required=\"true\" aria-invalid=\"false\" \/><\/span> <\/p>\n<p> T\u00e9l\u00e9phone  (obligatoire) <br \/>\n   <span class=\"wpcf7-form-control-wrap Telefonodecontacto\"><input type=\"tel\" name=\"Telefonodecontacto\" value=\"\" size=\"40\" class=\"wpcf7-form-control wpcf7-text wpcf7-tel wpcf7-validates-as-required wpcf7-validates-as-tel\" id=\"Telefono\" aria-required=\"true\" aria-invalid=\"false\" \/><\/span> <\/p>\n<p> Lieu de r\u00e9sidence (obligatoire) <br \/>\n  <span class=\"wpcf7-form-control-wrap Ciudadderesidencia\"><input type=\"text\" name=\"Ciudadderesidencia\" value=\"\" size=\"40\" class=\"wpcf7-form-control wpcf7-text wpcf7-validates-as-required\" id=\"Ciudad\" aria-required=\"true\" aria-invalid=\"false\" \/><\/span> <\/p>\n<p> Nom de l'enfant (obligatoire) <br \/>\n   <span class=\"wpcf7-form-control-wrap Nombrenio\"><input type=\"text\" name=\"Nombrenio\" value=\"\" size=\"40\" class=\"wpcf7-form-control wpcf7-text wpcf7-validates-as-required\" aria-required=\"true\" aria-invalid=\"false\" \/><\/span> <\/p>\n<p> Date de naissance (jj\/mm\/aaaa) (obligatoire) <br \/>\n    <span class=\"wpcf7-form-control-wrap Fechadenacimiento\"><input type=\"date\" name=\"Fechadenacimiento\" value=\"\" class=\"wpcf7-form-control wpcf7-date wpcf7-validates-as-required wpcf7-validates-as-date\" id=\"Fechadenacimientopeque\" aria-required=\"true\" aria-invalid=\"false\" \/><\/span> <\/p>\n<p> Ajouter des photos (obligatoire) <br \/>\n <span class=\"wpcf7-form-control-wrap Fotos\"><input type=\"file\" name=\"Fotos\" size=\"40\" class=\"wpcf7-form-control wpcf7-file wpcf7-validates-as-required\" accept=\".jpg,.jpeg,.png,.gif,.pdf,.doc,.docx,.ppt,.pptx,.odt,.avi,.ogg,.m4a,.mov,.mp3,.mp4,.mpg,.wav,.wmv\" aria-required=\"true\" aria-invalid=\"false\" \/><\/span> <\/p>\n<p> Autre Photo (en option) <br \/>\n <span class=\"wpcf7-form-control-wrap Foto2\"><input type=\"file\" name=\"Foto2\" size=\"40\" class=\"wpcf7-form-control wpcf7-file\" id=\"Foto\" accept=\".jpg,.jpeg,.png,.gif,.pdf,.doc,.docx,.ppt,.pptx,.odt,.avi,.ogg,.m4a,.mov,.mp3,.mp4,.mpg,.wav,.wmv\" aria-invalid=\"false\" \/><\/span> <\/p>\n<p>  J'ai lu et j'accepte les conditions g\u00e9n\u00e9rales <br \/>\n  <span class=\"wpcf7-form-control-wrap Aceptacion\"><span class=\"wpcf7-form-control wpcf7-acceptance\"><span class=\"wpcf7-list-item\"><input type=\"checkbox\" name=\"Aceptacion\" value=\"1\" aria-invalid=\"false\" \/><\/span><\/span><\/span> <\/p>\n<p><input type=\"submit\" value=\"Send\" class=\"wpcf7-form-control wpcf7-submit\" \/><\/p>\n<p style=\"display: none !important;\"><label>&#916;<textarea name=\"_wpcf7_ak_hp_textarea\" cols=\"45\" rows=\"8\" maxlength=\"100\"><\/textarea><\/label><input type=\"hidden\" id=\"ak_js_2\" name=\"_wpcf7_ak_js\" value=\"18\"\/><script>document.getElementById( \"ak_js_2\" ).setAttribute( \"value\", ( new Date() ).getTime() );<\/script><\/p><div class=\"wpcf7-response-output\" aria-hidden=\"true\"><\/div><\/form><\/div><\/div>\r\n\t\t\t<\/div>\r\n\t\t<\/div>\r\n<\/div><\/div><div id=\"aq-block-2097-8\" class=\"aq-block aq-block-met_blog_list_one aq_span12 aq-first clearfix\">\r\n\t\t\t<div class=\"row-fluid\">\r\n\t\t\t\t\t\t\t\t\t\t\t\t\t<div class=\"span2\">\r\n\t\t\t\t\t<div class=\"met_dated_blog_posts\">\r\n\t\t\t\t\t\t<span class=\"met_date\">25<\/span>\r\n\t\t\t\t\t\t<span class=\"met_month\">October<\/span>\r\n\t\t\t\t\t\t<article>\r\n\t\t\t\t\t\t\t<h3>ICEX-BREXIT<\/h3>\r\n\t\t\t\t\t\t\t<p>Nuestra empresa ha sido beneficiaria de una ayuda por parte\u2026<\/p>\r\n\t\t\t\t\t\t\t<a href=\"https:\/\/www.grupotuttopiccolo.com\/fr\/icex-brexit\/\" class=\"met_read_more met_color\">Lire plus<\/a>\r\n\t\t\t\t\t\t<\/article>\r\n\t\t\t\t\t<\/div>\r\n\t\t\t\t<\/div>\r\n\t\t\t\t\t\t\t\t\t\t<div class=\"span2\">\r\n\t\t\t\t\t<div class=\"met_dated_blog_posts\">\r\n\t\t\t\t\t\t<span class=\"met_date\">18<\/span>\r\n\t\t\t\t\t\t<span class=\"met_month\">April<\/span>\r\n\t\t\t\t\t\t<article>\r\n\t\t\t\t\t\t\t<h3>Consultor\u00eda estrat\u00e9gica<\/h3>\r\n\t\t\t\t\t\t\t<p>Tutto Piccolo, S.A. ha realizado acciones enfocadas a la consultor\u00eda\u2026<\/p>\r\n\t\t\t\t\t\t\t<a href=\"https:\/\/www.grupotuttopiccolo.com\/fr\/consultoria-estrategica\/\" class=\"met_read_more met_color\">Lire plus<\/a>\r\n\t\t\t\t\t\t<\/article>\r\n\t\t\t\t\t<\/div>\r\n\t\t\t\t<\/div>\r\n\t\t\t\t\t\t\t\t\t\t<div class=\"span2\">\r\n\t\t\t\t\t<div class=\"met_dated_blog_posts\">\r\n\t\t\t\t\t\t<span class=\"met_date\">18<\/span>\r\n\t\t\t\t\t\t<span class=\"met_month\">January<\/span>\r\n\t\t\t\t\t\t<article>\r\n\t\t\t\t\t\t\t<h3>Web Digitaliza 2022<\/h3>\r\n\t\t\t\t\t\t\t<p>La empresa TUTTO PICCOLO, S.A. mediante el apoyo financiero del\u2026<\/p>\r\n\t\t\t\t\t\t\t<a href=\"https:\/\/www.grupotuttopiccolo.com\/fr\/web-digitaliza-2022\/\" class=\"met_read_more met_color\">Lire plus<\/a>\r\n\t\t\t\t\t\t<\/article>\r\n\t\t\t\t\t<\/div>\r\n\t\t\t\t<\/div>\r\n\t\t\t\t\t\t\t\t\t\t<div class=\"span2\">\r\n\t\t\t\t\t<div class=\"met_dated_blog_posts\">\r\n\t\t\t\t\t\t<span class=\"met_date\">24<\/span>\r\n\t\t\t\t\t\t<span class=\"met_month\">January<\/span>\r\n\t\t\t\t\t\t<article>\r\n\t\t\t\t\t\t\t<h3>Tutto Piccolo junto con Asepri en INDEX<\/h3>\r\n\t\t\t\t\t\t\t<p>TUTTO PICCOLO junto con ASEPRI, S.L. ha participado en la\u2026<\/p>\r\n\t\t\t\t\t\t\t<a href=\"https:\/\/www.grupotuttopiccolo.com\/fr\/tutto-piccolo-junto-con-asepri-en-index\/\" class=\"met_read_more met_color\">Lire plus<\/a>\r\n\t\t\t\t\t\t<\/article>\r\n\t\t\t\t\t<\/div>\r\n\t\t\t\t<\/div>\r\n\t\t\t\t\t\t\t\t\t\t<div class=\"span2\">\r\n\t\t\t\t\t<div class=\"met_dated_blog_posts\">\r\n\t\t\t\t\t\t<span class=\"met_date\">03<\/span>\r\n\t\t\t\t\t\t<span class=\"met_month\">January<\/span>\r\n\t\t\t\t\t\t<article>\r\n\t\t\t\t\t\t\t<h3>Ayudas IVACE<\/h3>\r\n\t\t\t\t\t\t\t<p>La empresa ha recibido una ayuda del organismo Instituto Valenciano\u2026<\/p>\r\n\t\t\t\t\t\t\t<a href=\"https:\/\/www.grupotuttopiccolo.com\/fr\/ayudas-ivace\/\" class=\"met_read_more met_color\">Lire plus<\/a>\r\n\t\t\t\t\t\t<\/article>\r\n\t\t\t\t\t<\/div>\r\n\t\t\t\t<\/div>\r\n\t\t\t\t\t\t\t\t\t\t<div class=\"span2\">\r\n\t\t\t\t\t<div class=\"met_dated_blog_posts\">\r\n\t\t\t\t\t\t<span class=\"met_date\">14<\/span>\r\n\t\t\t\t\t\t<span class=\"met_month\">July<\/span>\r\n\t\t\t\t\t\t<article>\r\n\t\t\t\t\t\t\t<h3>Agatha Ruiz de la Prada Baby Spring Summer 18<\/h3>\r\n\t\t\t\t\t\t\t<p>Agatha Ruiz de la Prada Baby Summer 2018 trends \u00a0\u2026<\/p>\r\n\t\t\t\t\t\t\t<a href=\"https:\/\/www.grupotuttopiccolo.com\/fr\/agatha-ruiz-la-prada-baby-spring-summer-18\/\" class=\"met_read_more met_color\">Lire plus<\/a>\r\n\t\t\t\t\t\t<\/article>\r\n\t\t\t\t\t<\/div>\r\n\t\t\t\t<\/div>\r\n\t\t\t\t\t\t<\/div>\r\n\r\n<\/div><\/div><\/p>","protected":false},"excerpt":{"rendered":"","protected":false},"author":3,"featured_media":0,"parent":0,"menu_order":1,"comment_status":"closed","ping_status":"closed","template":"","meta":{"footnotes":""},"aioseo_notices":[],"yoast_head":"<!-- This site is optimized with the Yoast SEO plugin v16.2 - https:\/\/yoast.com\/wordpress\/plugins\/seo\/ -->\n<meta name=\"description\" content=\"Casting Grupo Tutto Piccolo, Tu peque podr\u00e1 ser nuestro pr\u00f3ximo protagonista\" \/>\n<meta name=\"robots\" content=\"index, follow, max-snippet:-1, max-image-preview:large, max-video-preview:-1\" \/>\n<link rel=\"canonical\" href=\"https:\/\/www.grupotuttopiccolo.com\/casting-tutto-piccolo\/\" \/>\n<meta property=\"og:locale\" content=\"fr_FR\" \/>\n<meta property=\"og:type\" content=\"article\" \/>\n<meta property=\"og:title\" content=\"Casting - Grupo Tutto Piccolo\" \/>\n<meta property=\"og:description\" content=\"Casting Grupo Tutto Piccolo, Tu peque podr\u00e1 ser nuestro pr\u00f3ximo protagonista\" \/>\n<meta property=\"og:url\" content=\"https:\/\/www.grupotuttopiccolo.com\/casting-tutto-piccolo\/\" \/>\n<meta property=\"og:site_name\" content=\"Grupo Tutto Piccolo\" \/>\n<meta property=\"article:modified_time\" content=\"2014-04-16T16:44:19+00:00\" \/>\n<script type=\"application\/ld+json\" class=\"yoast-schema-graph\">{\"@context\":\"https:\/\/schema.org\",\"@graph\":[{\"@type\":\"WebSite\",\"@id\":\"https:\/\/www.grupotuttopiccolo.com\/#website\",\"url\":\"https:\/\/www.grupotuttopiccolo.com\/\",\"name\":\"Grupo Tutto Piccolo\",\"description\":\"Tutto Piccolo, ropa infantil, ropa bebe, ni\\u00f1o, ni\\u00f1a, tienda online, moda infantil, newborn, minikinder, vestido ni\\u00f1a, bebe\",\"potentialAction\":[{\"@type\":\"SearchAction\",\"target\":\"https:\/\/www.grupotuttopiccolo.com\/?s={search_term_string}\",\"query-input\":\"required name=search_term_string\"}],\"inLanguage\":\"fr-FR\"},{\"@type\":\"WebPage\",\"@id\":\"https:\/\/www.grupotuttopiccolo.com\/casting-tutto-piccolo\/#webpage\",\"url\":\"https:\/\/www.grupotuttopiccolo.com\/casting-tutto-piccolo\/\",\"name\":\"Casting - Grupo Tutto Piccolo\",\"isPartOf\":{\"@id\":\"https:\/\/www.grupotuttopiccolo.com\/#website\"},\"datePublished\":\"2012-11-21T12:23:28+00:00\",\"dateModified\":\"2014-04-16T16:44:19+00:00\",\"description\":\"Casting Grupo Tutto Piccolo, Tu peque podr\\u00e1 ser nuestro pr\\u00f3ximo protagonista\",\"breadcrumb\":{\"@id\":\"https:\/\/www.grupotuttopiccolo.com\/casting-tutto-piccolo\/#breadcrumb\"},\"inLanguage\":\"fr-FR\",\"potentialAction\":[{\"@type\":\"ReadAction\",\"target\":[\"https:\/\/www.grupotuttopiccolo.com\/casting-tutto-piccolo\/\"]}]},{\"@type\":\"BreadcrumbList\",\"@id\":\"https:\/\/www.grupotuttopiccolo.com\/casting-tutto-piccolo\/#breadcrumb\",\"itemListElement\":[{\"@type\":\"ListItem\",\"position\":1,\"item\":{\"@type\":\"WebPage\",\"@id\":\"https:\/\/www.grupotuttopiccolo.com\/\",\"url\":\"https:\/\/www.grupotuttopiccolo.com\/\",\"name\":\"Home\"}},{\"@type\":\"ListItem\",\"position\":2,\"item\":{\"@id\":\"https:\/\/www.grupotuttopiccolo.com\/casting-tutto-piccolo\/#webpage\"}}]}]}<\/script>\n<!-- \/ Yoast SEO plugin. -->","_links":{"self":[{"href":"https:\/\/www.grupotuttopiccolo.com\/fr\/wp-json\/wp\/v2\/pages\/1026"}],"collection":[{"href":"https:\/\/www.grupotuttopiccolo.com\/fr\/wp-json\/wp\/v2\/pages"}],"about":[{"href":"https:\/\/www.grupotuttopiccolo.com\/fr\/wp-json\/wp\/v2\/types\/page"}],"author":[{"embeddable":true,"href":"https:\/\/www.grupotuttopiccolo.com\/fr\/wp-json\/wp\/v2\/users\/3"}],"replies":[{"embeddable":true,"href":"https:\/\/www.grupotuttopiccolo.com\/fr\/wp-json\/wp\/v2\/comments?post=1026"}],"version-history":[{"count":2,"href":"https:\/\/www.grupotuttopiccolo.com\/fr\/wp-json\/wp\/v2\/pages\/1026\/revisions"}],"predecessor-version":[{"id":2098,"href":"https:\/\/www.grupotuttopiccolo.com\/fr\/wp-json\/wp\/v2\/pages\/1026\/revisions\/2098"}],"wp:attachment":[{"href":"https:\/\/www.grupotuttopiccolo.com\/fr\/wp-json\/wp\/v2\/media?parent=1026"}],"curies":[{"name":"wp","href":"https:\/\/api.w.org\/{rel}","templated":true}]}}