{"id":1562,"date":"2013-11-14T11:05:24","date_gmt":"2013-11-14T11:05:24","guid":{"rendered":"http:\/\/www.grupotuttopiccolo.com\/?page_id=1562"},"modified":"2014-04-14T08:41:24","modified_gmt":"2014-04-14T08:41:24","slug":"franquicias","status":"publish","type":"page","link":"https:\/\/www.grupotuttopiccolo.com\/fr\/franquicias\/","title":{"rendered":"Franchises"},"content":{"rendered":"<p><div id=\"aq-template-wrapper-2074\" class=\"aq-template-wrapper aq_row\"><div id=\"aq-block-2074-1\" class=\"aq-block aq-block-met_concept_slider_one aq_span12 aq-first clearfix\">\t\t\t<div class=\"row-fluid\">\r\n\t\t\t\t<div class=\"span12\">\r\n\t\t\t\t\t<div class=\"met_slider_wrap\">\r\n\t\t\t\t\t\t<div id=\"met_concept_slider_6a07dd1bc365e\" class=\"met_slider clearfix\">\r\n\t\t\t\t\t\t\t\t\t\t\t\t\t\t\t<div class=\"met_slider_item clearfix\">\r\n\t\t\t\t\t\t\t\t\t<div class=\"met_slider_item_preview\"><a href=\"http:\/\/\"><img src=\"http:\/\/www.grupotuttopiccolo.com\/wp-content\/uploads\/2013\/11\/franquicia_tutto_piccolo.png\" alt=\"\"><\/a><\/div>\r\n\t\t\t\t\t\t\t\t\t<article class=\"met_slider_item_caption met_bgcolor4 met_color2\">\r\n\t\t\t\t\t\t\t\t\t\t<div>\r\n\t\t\t\t\t\t\t\t\t\t\t\t\t\t\t\t\t\t\t\t\t\t<h3 class=\"met_title_stack met_bold_one\">Tutto Piccolo Madrid<\/h3><br>\t\t\t\t\t\t\t\t\t\t\t<p>Une boutique de plus de 100 m2 avec un design unique et innovant <\/p>\t\t\t\t\t\t\t\t\t\t\t\t\t\t\t\t\t\t\t\t\t<\/div>\r\n\t\t\t\t\t\t\t\t\t<\/article>\r\n\t\t\t\t\t\t\t\t<\/div>\r\n\t\t\t\t\t\t\t\t\t\t\t\t\t\t\t<div class=\"met_slider_item clearfix\">\r\n\t\t\t\t\t\t\t\t\t<div class=\"met_slider_item_preview\"><a href=\"http:\/\/\"><img src=\"http:\/\/www.grupotuttopiccolo.com\/wp-content\/uploads\/2013\/11\/puntos_de_venta_tutto_piccolo1.png\" alt=\"\"><\/a><\/div>\r\n\t\t\t\t\t\t\t\t\t<article class=\"met_slider_item_caption met_bgcolor4 met_color2\">\r\n\t\t\t\t\t\t\t\t\t\t<div>\r\n\t\t\t\t\t\t\t\t\t\t\t\t\t\t\t\t\t\t\t\t\t\t<h3 class=\"met_title_stack met_bold_one\">Points de Vente<\/h3><br>\t\t\t\t\t\t\t\t\t\t\t<p>Actuellement, nous distribuons dans les meilleures boutiques multi-marques et magasins franchis\u00e9s<\/p>\t\t\t\t\t\t\t\t\t\t\t<br><a href=\" http:\/\/www.tuttopiccolo.com\/france\/donde-comprar\" class=\"met_bgcolor met_button\">O\u00f9 acheter ?   <\/a>\t\t\t\t\t\t\t\t\t\t<\/div>\r\n\t\t\t\t\t\t\t\t\t<\/article>\r\n\t\t\t\t\t\t\t\t<\/div>\r\n\t\t\t\t\t\t\t\t\t\t\t\t\t\t\t<div class=\"met_slider_item clearfix\">\r\n\t\t\t\t\t\t\t\t\t<div class=\"met_slider_item_preview\"><a href=\"http:\/\/\"><img src=\"http:\/\/www.grupotuttopiccolo.com\/wp-content\/uploads\/2013\/11\/render_tutto_piccolo.png\" alt=\"\"><\/a><\/div>\r\n\t\t\t\t\t\t\t\t\t<article class=\"met_slider_item_caption met_bgcolor4 met_color2\">\r\n\t\t\t\t\t\t\t\t\t\t<div>\r\n\t\t\t\t\t\t\t\t\t\t\t\t\t\t\t\t\t\t\t\t\t\t<h3 class=\"met_title_stack met_bold_one\">Franchises<\/h3><br>\t\t\t\t\t\t\t\t\t\t\t<p>Votre enthousiasme et notre exp\u00e9rience seront une excellente occasion d\u2019investir<\/p>\t\t\t\t\t\t\t\t\t\t\t\t\t\t\t\t\t\t\t\t\t<\/div>\r\n\t\t\t\t\t\t\t\t\t<\/article>\r\n\t\t\t\t\t\t\t\t<\/div>\r\n\t\t\t\t\t\t\t\t\t\t\t\t\t<\/div>\r\n\t\t\t\t\t\t\t\t\t\t\t\t<a href=\"#\" class=\"met_slider_nav_prev met_bgcolor met_bgcolor_transition2 met_color2\"><i class=\"icon-chevron-left\"><\/i><\/a>\r\n\t\t\t\t\t\t<a href=\"#\" class=\"met_slider_nav_next met_bgcolor met_bgcolor_transition2 met_color2\"><i class=\"icon-chevron-right\"><\/i><\/a>\r\n\t\t\t\t\t\t\t\t\t\t\t\t<div class=\"met_slider_overlay\"><\/div>\r\n\t\t\t\t\t<\/div>\r\n\t\t\t\t<\/div>\r\n\t\t\t<\/div><!-- Slider Ends  -->\r\n\r\n\t\t\t<script>\r\n\t\t\t\tjQuery(window).load(function(){\r\n\t\t\t\t\tjQuery(\"#met_concept_slider_6a07dd1bc365e\").carouFredSel({\r\n\t\t\t\t\t\tresponsive: true,\r\n\t\t\t\t\t\tprev: { button : function(){ return jQuery(this).parents('.met_slider_wrap').find('.met_slider_nav_prev') } },\r\n\t\t\t\t\t\tnext:{ button : function(){ return jQuery(this).parents('.met_slider_wrap').find('.met_slider_nav_next') } },\r\n\t\t\t\t\t\tcircular: true,\r\n\t\t\t\t\t\tinfinite: true,\r\n\t\t\t\t\t\tauto: { play : true, pauseDuration: 0, duration: 2000 },\r\n\t\t\t\t\t\tscroll: { items: 1, duration: 400, wipe: true, pauseOnHover: true, fx: 'crossfade' },\r\n\t\t\t\t\t\titems: { visible: { min: 1, max: 1 }, height: 'variable' },\r\n\t\t\t\t\t\tonCreate: function(){\r\n\t\t\t\t\t\t\tjQuery(this).parents('.met_slider_wrap').find('.met_slider_overlay').fadeOut('fast',function(){\r\n\t\t\t\t\t\t\t\tjQuery(this).remove();\r\n\t\t\t\t\t\t\t});\r\n\t\t\t\t\t\t}\r\n\t\t\t\t\t});\r\n\t\t\t\t});\r\n\t\t\t<\/script>\r\n<\/div><div id=\"aq-block-2074-2\" class=\"aq-block aq-block-met_page_header aq_span12 aq-first clearfix\">\r\n\t\t\t<div class=\"row-fluid\">\r\n\t\t\t\t<div class=\"span12\">\r\n\t\t\t\t\t<div class=\"met_page_header met_bgcolor5 clearfix\">\r\n\t\t\t\t\t\t<h1 class=\"met_bgcolor met_color2\">Franchises<\/h1>\r\n\t\t\t\t\t\t<h2 class=\"met_color2\">&nbsp;<\/h2>\r\n\t\t\t\t\t<\/div>\r\n\t\t\t\t<\/div>\r\n\t\t\t<\/div><\/div><div id=\"aq-block-2074-3\" class=\"aq-block aq-block-met_text_block aq_span8 aq-first clearfix\">\t\t<div class=\"row-fluid\">\r\n\t\t\t<div class=\"span12\">\r\n\t\t\t\t<div class=\"met_text_block\" style=\"font-size:14px;line-height:21px;background-color:#F1F4F7!important;color:#65676F!important;padding: 30\"><h1><\/h1>\n<h3 style=\"text-align: left;\"><span style=\"color: #808080;\">L\u2019occasion de rejoindre un groupe en plein essor.<\/span><\/h3>\n<p><span style=\"color: #999999;\"> Votre enthousiasme et notre exp\u00e9rience seront une excellente opportunit\u00e9 d\u2019investir dans un commerce rentable.<br \/>\nGr\u00e2ce \u00e0 notre commerce, vous aurez la possibilit\u00e9 :<\/span><\/p>\n<p><span style=\"color: #999999;\"> <\/span><\/p>\n<h3><\/h3>\n<h3><span style=\"color: #808080;\">D\u00e9velopper un projet cl\u00e9 en main.<\/span><\/h3>\n<ul>\n<li><span style=\"color: #999999;\"> Faire partie d\u2019un groupe reconnu et prestigieux pour les consommateurs.<\/span><\/li>\n<li><span style=\"color: #999999;\">Appartenir \u00e0 une puissante marque avec une image d\u2019entreprise reconnue.<\/span><\/li>\n<\/ul>\n<div><span style=\"color: #999999;\"><br \/>\n<\/span><\/div>\n<h3><span style=\"color: #808080;\">Assistance et formation continue en : <\/span><\/h3>\n<ul>\n<li><span style=\"color: #999999;\"> \u00c9tudes de march\u00e9.<\/span><\/li>\n<li><span style=\"color: #999999;\"> Formation personnelle.<\/span><\/li>\n<li><span style=\"color: #999999;\"> Promotion au point de vente  \u2013 Merchandising.<\/span><\/li>\n<li><span style=\"color: #999999;\"> Politique de gestion d\u2019entreprise au niveau du magasin.<\/span><\/li>\n<li><span style=\"color: #999999;\"> Conseils sur les nouvelles technologies.<\/span><\/li>\n<li><span style=\"color: #999999;\"> Soutien de la publicit\u00e9 et promotion.            <\/span><\/li>\n<\/ul>\n<h3><span style=\"color: #999999;\"> <\/span><span style=\"color: #888888;\"><span style=\"text-align: center;\">Une boutique Tutto Piccolo<\/span><em style=\"text-align: center; color: #ffffff;\"><\/em><strong style=\"text-align: center; color: #ffffff;\"><em>.<\/em><\/strong><\/span><span style=\"text-align: center;\"> <\/span><\/h3>\n<ul>\n<li><span style=\"color: #999999;\">L\u2019image de la boutique unifi\u00e9e \u00e0 celle de la soci\u00e9t\u00e9 m\u00e8re avec un style coh\u00e9rent entre elles.<\/span><\/li>\n<li><span style=\"color: #999999;\">Des espaces clairement diff\u00e9renci\u00e9s et organis\u00e9s avec l\u2019atmosph\u00e8re unique de Tutto Piccolo.<\/span><\/li>\n<li><span style=\"color: #999999;\">Une large gamme de r\u00e9f\u00e9rences qui seront adapt\u00e9es en fonction du point de la vente.<\/span><\/li>\n<li><span style=\"color: #999999;\">La boutique Tutto Piccolo doit \u00eatre situ\u00e9e dans un lieu rassemblant plus de 50 000 habitants, en centre-ville ou pr\u00e8s d\u2019un centre commercial garantissant le passage du public cible et avoir une superficie de 80\/90m2.<\/span><\/li>\n<\/ul>\n<p><strong> <\/strong><\/p><\/div>\r\n\t\t\t<\/div>\r\n\t\t<\/div>\r\n<\/div><div id=\"aq-block-2074-4\" class=\"aq-block aq-block-met_text_block aq_span4  clearfix\">\t\t<div class=\"row-fluid\">\r\n\t\t\t<div class=\"span12\">\r\n\t\t\t\t<div class=\"met_text_block\" style=\"font-size:14px;line-height:21px;background-color:#F1F4F7!important;color:#9e9fa0!important;padding: 30\"><h3 style=\"text-align: left;\"><span style=\"color: #808080 Formulaire pour envoyer une demande d'information.<\/span><\/h3>\n<div role=\"form\" class=\"wpcf7\" id=\"wpcf7-f1638-o3\" lang=\"es-ES\" dir=\"ltr\">\n<div class=\"screen-reader-response\"><p role=\"status\" aria-live=\"polite\" aria-atomic=\"true\"><\/p> <ul><\/ul><\/div>\n<form action=\"\/fr\/wp-json\/wp\/v2\/pages\/1562#wpcf7-f1638-o3\" method=\"post\" class=\"wpcf7-form init\" novalidate=\"novalidate\" data-status=\"init\">\n<div style=\"display: none;\">\n<input type=\"hidden\" name=\"_wpcf7\" value=\"1638\" \/>\n<input type=\"hidden\" name=\"_wpcf7_version\" value=\"5.4.1\" \/>\n<input type=\"hidden\" name=\"_wpcf7_locale\" value=\"es_ES\" \/>\n<input type=\"hidden\" name=\"_wpcf7_unit_tag\" value=\"wpcf7-f1638-o3\" \/>\n<input type=\"hidden\" name=\"_wpcf7_container_post\" value=\"0\" \/>\n<input type=\"hidden\" name=\"_wpcf7_posted_data_hash\" value=\"\" \/>\n<\/div>\n<p>Nombre - Name- Nom<br \/>\n    <span class=\"wpcf7-form-control-wrap your-name\"><input type=\"text\" name=\"your-name\" value=\"\" size=\"40\" class=\"wpcf7-form-control wpcf7-text wpcf7-validates-as-required\" aria-required=\"true\" aria-invalid=\"false\" \/><\/span> <\/p>\n<p>E-mail <br \/>\n    <span class=\"wpcf7-form-control-wrap your-email\"><input type=\"email\" name=\"your-email\" value=\"\" size=\"40\" class=\"wpcf7-form-control wpcf7-text wpcf7-email wpcf7-validates-as-required wpcf7-validates-as-email\" aria-required=\"true\" aria-invalid=\"false\" \/><\/span> <\/p>\n<p>Mensaje - Message <br \/>\n    <span class=\"wpcf7-form-control-wrap your-message\"><textarea name=\"your-message\" cols=\"40\" rows=\"10\" class=\"wpcf7-form-control wpcf7-textarea\" aria-invalid=\"false\"><\/textarea><\/span> <\/p>\n<p><input type=\"submit\" value=\"Enviar\" class=\"wpcf7-form-control wpcf7-submit\" \/><\/p>\n<p style=\"display: none !important;\"><label>&#916;<textarea name=\"_wpcf7_ak_hp_textarea\" cols=\"45\" rows=\"8\" maxlength=\"100\"><\/textarea><\/label><input type=\"hidden\" id=\"ak_js_3\" name=\"_wpcf7_ak_js\" value=\"215\"\/><script>document.getElementById( \"ak_js_3\" ).setAttribute( \"value\", ( new Date() ).getTime() );<\/script><\/p><div class=\"wpcf7-response-output\" aria-hidden=\"true\"><\/div><\/form><\/div>\n<\/div>\r\n\t\t\t<\/div>\r\n\t\t<\/div>\r\n<\/div><div id=\"aq-block-2074-5\" class=\"aq-block aq-block-met_blog_list_one aq_span12 aq-first clearfix\">\r\n\t\t\t<div class=\"row-fluid\">\r\n\t\t\t\t\t\t\t\t\t\t\t\t\t<div class=\"span2\">\r\n\t\t\t\t\t<div class=\"met_dated_blog_posts\">\r\n\t\t\t\t\t\t<span class=\"met_date\">15<\/span>\r\n\t\t\t\t\t\t<span class=\"met_month\">May<\/span>\r\n\t\t\t\t\t\t<article>\r\n\t\t\t\t\t\t\t<h3>Casibom &#8211; casino giri\u015f ve bahis sitesi<\/h3>\r\n\t\t\t\t\t\t\t<p>Casibom &#8211; casino giri\u015f ve bahis sitesi \u25b6\ufe0f OYNAMAK \u0421\u043e\u0434\u0435\u0440\u0436\u0438\u043c\u043e\u0435\u2026<\/p>\r\n\t\t\t\t\t\t\t<a href=\"https:\/\/www.grupotuttopiccolo.com\/fr\/casibom-casino-giris-ve-bahis-sitesi\/\" class=\"met_read_more met_color\">Lire plus<\/a>\r\n\t\t\t\t\t\t<\/article>\r\n\t\t\t\t\t<\/div>\r\n\t\t\t\t<\/div>\r\n\t\t\t\t\t\t\t\t\t\t<div class=\"span2\">\r\n\t\t\t\t\t<div class=\"met_dated_blog_posts\">\r\n\t\t\t\t\t\t<span class=\"met_date\">15<\/span>\r\n\t\t\t\t\t\t<span class=\"met_month\">May<\/span>\r\n\t\t\t\t\t\t<article>\r\n\t\t\t\t\t\t\t<h3>Canl\u0131 Casino Siteleri &#8211; Yeni ve G\u00fcvenilir &#8211; 2026<\/h3>\r\n\t\t\t\t\t\t\t<p>Canl\u0131 Casino Siteleri &#8211; Yeni ve G\u00fcvenilir &#8211; 2026 \u25b6\ufe0f\u2026<\/p>\r\n\t\t\t\t\t\t\t<a href=\"https:\/\/www.grupotuttopiccolo.com\/fr\/canli-casino-siteleri-yeni-ve-guvenilir-2026\/\" class=\"met_read_more met_color\">Lire plus<\/a>\r\n\t\t\t\t\t\t<\/article>\r\n\t\t\t\t\t<\/div>\r\n\t\t\t\t<\/div>\r\n\t\t\t\t\t\t\t\t\t\t<div class=\"span2\">\r\n\t\t\t\t\t<div class=\"met_dated_blog_posts\">\r\n\t\t\t\t\t\t<span class=\"met_date\">25<\/span>\r\n\t\t\t\t\t\t<span class=\"met_month\">October<\/span>\r\n\t\t\t\t\t\t<article>\r\n\t\t\t\t\t\t\t<h3>ICEX-BREXIT<\/h3>\r\n\t\t\t\t\t\t\t<p>Nuestra empresa ha sido beneficiaria de una ayuda por parte\u2026<\/p>\r\n\t\t\t\t\t\t\t<a href=\"https:\/\/www.grupotuttopiccolo.com\/fr\/icex-brexit\/\" class=\"met_read_more met_color\">Lire plus<\/a>\r\n\t\t\t\t\t\t<\/article>\r\n\t\t\t\t\t<\/div>\r\n\t\t\t\t<\/div>\r\n\t\t\t\t\t\t\t\t\t\t<div class=\"span2\">\r\n\t\t\t\t\t<div class=\"met_dated_blog_posts\">\r\n\t\t\t\t\t\t<span class=\"met_date\">18<\/span>\r\n\t\t\t\t\t\t<span class=\"met_month\">April<\/span>\r\n\t\t\t\t\t\t<article>\r\n\t\t\t\t\t\t\t<h3>Consultor\u00eda estrat\u00e9gica<\/h3>\r\n\t\t\t\t\t\t\t<p>Tutto Piccolo, S.A. ha realizado acciones enfocadas a la consultor\u00eda\u2026<\/p>\r\n\t\t\t\t\t\t\t<a href=\"https:\/\/www.grupotuttopiccolo.com\/fr\/consultoria-estrategica\/\" class=\"met_read_more met_color\">Lire plus<\/a>\r\n\t\t\t\t\t\t<\/article>\r\n\t\t\t\t\t<\/div>\r\n\t\t\t\t<\/div>\r\n\t\t\t\t\t\t\t\t\t\t<div class=\"span2\">\r\n\t\t\t\t\t<div class=\"met_dated_blog_posts\">\r\n\t\t\t\t\t\t<span class=\"met_date\">18<\/span>\r\n\t\t\t\t\t\t<span class=\"met_month\">January<\/span>\r\n\t\t\t\t\t\t<article>\r\n\t\t\t\t\t\t\t<h3>Web Digitaliza 2022<\/h3>\r\n\t\t\t\t\t\t\t<p>La empresa TUTTO PICCOLO, S.A. mediante el apoyo financiero del\u2026<\/p>\r\n\t\t\t\t\t\t\t<a href=\"https:\/\/www.grupotuttopiccolo.com\/fr\/web-digitaliza-2022\/\" class=\"met_read_more met_color\">Lire plus<\/a>\r\n\t\t\t\t\t\t<\/article>\r\n\t\t\t\t\t<\/div>\r\n\t\t\t\t<\/div>\r\n\t\t\t\t\t\t\t\t\t\t<div class=\"span2\">\r\n\t\t\t\t\t<div class=\"met_dated_blog_posts\">\r\n\t\t\t\t\t\t<span class=\"met_date\">24<\/span>\r\n\t\t\t\t\t\t<span class=\"met_month\">January<\/span>\r\n\t\t\t\t\t\t<article>\r\n\t\t\t\t\t\t\t<h3>Tutto Piccolo junto con Asepri en INDEX<\/h3>\r\n\t\t\t\t\t\t\t<p>TUTTO PICCOLO junto con ASEPRI, S.L. ha participado en la\u2026<\/p>\r\n\t\t\t\t\t\t\t<a href=\"https:\/\/www.grupotuttopiccolo.com\/fr\/tutto-piccolo-junto-con-asepri-en-index\/\" class=\"met_read_more met_color\">Lire plus<\/a>\r\n\t\t\t\t\t\t<\/article>\r\n\t\t\t\t\t<\/div>\r\n\t\t\t\t<\/div>\r\n\t\t\t\t\t\t<\/div>\r\n\r\n<\/div><\/div><\/p>","protected":false},"excerpt":{"rendered":"","protected":false},"author":6,"featured_media":0,"parent":0,"menu_order":0,"comment_status":"closed","ping_status":"closed","template":"","meta":{"footnotes":""},"aioseo_notices":[],"yoast_head":"<!-- This site is optimized with the Yoast SEO plugin v16.2 - https:\/\/yoast.com\/wordpress\/plugins\/seo\/ -->\n<meta name=\"description\" content=\"Tu ilusi\u00f3n y nuestra experiencia te proporcionar\u00e1n una excelente oportunidad para invertir en un negocio con una alta rentabilidad. Grupo Tutto Piccolo\" \/>\n<meta name=\"robots\" content=\"index, follow, max-snippet:-1, max-image-preview:large, max-video-preview:-1\" \/>\n<link rel=\"canonical\" href=\"https:\/\/www.grupotuttopiccolo.com\/franquicias\/\" \/>\n<meta property=\"og:locale\" content=\"fr_FR\" \/>\n<meta property=\"og:type\" content=\"article\" \/>\n<meta property=\"og:title\" content=\"Franquicias - Grupo Tutto Piccolo\" \/>\n<meta property=\"og:description\" content=\"Tu ilusi\u00f3n y nuestra experiencia te proporcionar\u00e1n una excelente oportunidad para invertir en un negocio con una alta rentabilidad. Grupo Tutto Piccolo\" \/>\n<meta property=\"og:url\" content=\"https:\/\/www.grupotuttopiccolo.com\/franquicias\/\" \/>\n<meta property=\"og:site_name\" content=\"Grupo Tutto Piccolo\" \/>\n<meta property=\"article:modified_time\" content=\"2014-04-14T08:41:24+00:00\" \/>\n<script type=\"application\/ld+json\" class=\"yoast-schema-graph\">{\"@context\":\"https:\/\/schema.org\",\"@graph\":[{\"@type\":\"WebSite\",\"@id\":\"https:\/\/www.grupotuttopiccolo.com\/#website\",\"url\":\"https:\/\/www.grupotuttopiccolo.com\/\",\"name\":\"Grupo Tutto Piccolo\",\"description\":\"Tutto Piccolo, ropa infantil, ropa bebe, ni\\u00f1o, ni\\u00f1a, tienda online, moda infantil, newborn, minikinder, vestido ni\\u00f1a, bebe\",\"potentialAction\":[{\"@type\":\"SearchAction\",\"target\":\"https:\/\/www.grupotuttopiccolo.com\/?s={search_term_string}\",\"query-input\":\"required name=search_term_string\"}],\"inLanguage\":\"fr-FR\"},{\"@type\":\"WebPage\",\"@id\":\"https:\/\/www.grupotuttopiccolo.com\/franquicias\/#webpage\",\"url\":\"https:\/\/www.grupotuttopiccolo.com\/franquicias\/\",\"name\":\"Franquicias - Grupo Tutto Piccolo\",\"isPartOf\":{\"@id\":\"https:\/\/www.grupotuttopiccolo.com\/#website\"},\"datePublished\":\"2013-11-14T11:05:24+00:00\",\"dateModified\":\"2014-04-14T08:41:24+00:00\",\"description\":\"Tu ilusi\\u00f3n y nuestra experiencia te proporcionar\\u00e1n una excelente oportunidad para invertir en un negocio con una alta rentabilidad. Grupo Tutto Piccolo\",\"breadcrumb\":{\"@id\":\"https:\/\/www.grupotuttopiccolo.com\/franquicias\/#breadcrumb\"},\"inLanguage\":\"fr-FR\",\"potentialAction\":[{\"@type\":\"ReadAction\",\"target\":[\"https:\/\/www.grupotuttopiccolo.com\/franquicias\/\"]}]},{\"@type\":\"BreadcrumbList\",\"@id\":\"https:\/\/www.grupotuttopiccolo.com\/franquicias\/#breadcrumb\",\"itemListElement\":[{\"@type\":\"ListItem\",\"position\":1,\"item\":{\"@type\":\"WebPage\",\"@id\":\"https:\/\/www.grupotuttopiccolo.com\/\",\"url\":\"https:\/\/www.grupotuttopiccolo.com\/\",\"name\":\"Home\"}},{\"@type\":\"ListItem\",\"position\":2,\"item\":{\"@id\":\"https:\/\/www.grupotuttopiccolo.com\/franquicias\/#webpage\"}}]}]}<\/script>\n<!-- \/ Yoast SEO plugin. -->","_links":{"self":[{"href":"https:\/\/www.grupotuttopiccolo.com\/fr\/wp-json\/wp\/v2\/pages\/1562"}],"collection":[{"href":"https:\/\/www.grupotuttopiccolo.com\/fr\/wp-json\/wp\/v2\/pages"}],"about":[{"href":"https:\/\/www.grupotuttopiccolo.com\/fr\/wp-json\/wp\/v2\/types\/page"}],"author":[{"embeddable":true,"href":"https:\/\/www.grupotuttopiccolo.com\/fr\/wp-json\/wp\/v2\/users\/6"}],"replies":[{"embeddable":true,"href":"https:\/\/www.grupotuttopiccolo.com\/fr\/wp-json\/wp\/v2\/comments?post=1562"}],"version-history":[{"count":2,"href":"https:\/\/www.grupotuttopiccolo.com\/fr\/wp-json\/wp\/v2\/pages\/1562\/revisions"}],"predecessor-version":[{"id":2075,"href":"https:\/\/www.grupotuttopiccolo.com\/fr\/wp-json\/wp\/v2\/pages\/1562\/revisions\/2075"}],"wp:attachment":[{"href":"https:\/\/www.grupotuttopiccolo.com\/fr\/wp-json\/wp\/v2\/media?parent=1562"}],"curies":[{"name":"wp","href":"https:\/\/api.w.org\/{rel}","templated":true}]}}