{"id":1578,"date":"2013-11-14T11:10:16","date_gmt":"2013-11-14T11:10:16","guid":{"rendered":"http:\/\/www.grupotuttopiccolo.com\/?page_id=1578"},"modified":"2014-04-14T10:17:45","modified_gmt":"2014-04-14T10:17:45","slug":"montar-una-tienda","status":"publish","type":"page","link":"https:\/\/www.grupotuttopiccolo.com\/fr\/montar-una-tienda\/","title":{"rendered":"Cr\u00e9er une boutique"},"content":{"rendered":"<p><div id=\"aq-template-wrapper-2076\" class=\"aq-template-wrapper aq_row\"><div id=\"aq-block-2076-1\" class=\"aq-block aq-block-met_concept_slider_one aq_span12 aq-first clearfix\">\t\t\t<div class=\"row-fluid\">\r\n\t\t\t\t<div class=\"span12\">\r\n\t\t\t\t\t<div class=\"met_slider_wrap\">\r\n\t\t\t\t\t\t<div id=\"met_concept_slider_69e8e2168e9d9\" class=\"met_slider clearfix\">\r\n\t\t\t\t\t\t\t\t\t\t\t\t\t\t\t<div class=\"met_slider_item clearfix\">\r\n\t\t\t\t\t\t\t\t\t<div class=\"met_slider_item_preview\"><a href=\"http:\/\/\"><img src=\"http:\/\/www.grupotuttopiccolo.com\/wp-content\/uploads\/2013\/11\/franquicia_tutto_piccolo.png\" alt=\"\"><\/a><\/div>\r\n\t\t\t\t\t\t\t\t\t<article class=\"met_slider_item_caption met_bgcolor4 met_color2\">\r\n\t\t\t\t\t\t\t\t\t\t<div>\r\n\t\t\t\t\t\t\t\t\t\t\t\t\t\t\t\t\t\t\t\t\t\t<h3 class=\"met_title_stack met_bold_one\">Cr\u00e9er une boutique<\/h3><br>\t\t\t\t\t\t\t\t\t\t\t<p>Voulez-vous monter un magasin de v\u00eatements pour enfants?<\/p>\t\t\t\t\t\t\t\t\t\t\t<br><a href=\"http:\/\/www.grupotuttopiccolo.com\/contacto\/\" class=\"met_bgcolor met_button\">En savoir plus ici<\/a>\t\t\t\t\t\t\t\t\t\t<\/div>\r\n\t\t\t\t\t\t\t\t\t<\/article>\r\n\t\t\t\t\t\t\t\t<\/div>\r\n\t\t\t\t\t\t\t\t\t\t\t\t\t<\/div>\r\n\t\t\t\t\t\t\t\t\t\t\t\t<a href=\"#\" class=\"met_slider_nav_prev met_bgcolor met_bgcolor_transition2 met_color2\"><i class=\"icon-chevron-left\"><\/i><\/a>\r\n\t\t\t\t\t\t<a href=\"#\" class=\"met_slider_nav_next met_bgcolor met_bgcolor_transition2 met_color2\"><i class=\"icon-chevron-right\"><\/i><\/a>\r\n\t\t\t\t\t\t\t\t\t\t\t\t<div class=\"met_slider_overlay\"><\/div>\r\n\t\t\t\t\t<\/div>\r\n\t\t\t\t<\/div>\r\n\t\t\t<\/div><!-- Slider Ends  -->\r\n\r\n\t\t\t<script>\r\n\t\t\t\tjQuery(window).load(function(){\r\n\t\t\t\t\tjQuery(\"#met_concept_slider_69e8e2168e9d9\").carouFredSel({\r\n\t\t\t\t\t\tresponsive: true,\r\n\t\t\t\t\t\tprev: { button : function(){ return jQuery(this).parents('.met_slider_wrap').find('.met_slider_nav_prev') } },\r\n\t\t\t\t\t\tnext:{ button : function(){ return jQuery(this).parents('.met_slider_wrap').find('.met_slider_nav_next') } },\r\n\t\t\t\t\t\tcircular: true,\r\n\t\t\t\t\t\tinfinite: true,\r\n\t\t\t\t\t\tauto: { play : true, pauseDuration: 0, duration: 2000 },\r\n\t\t\t\t\t\tscroll: { items: 1, duration: 400, wipe: true, pauseOnHover: true, fx: 'crossfade' },\r\n\t\t\t\t\t\titems: { visible: { min: 1, max: 1 }, height: 'variable' },\r\n\t\t\t\t\t\tonCreate: function(){\r\n\t\t\t\t\t\t\tjQuery(this).parents('.met_slider_wrap').find('.met_slider_overlay').fadeOut('fast',function(){\r\n\t\t\t\t\t\t\t\tjQuery(this).remove();\r\n\t\t\t\t\t\t\t});\r\n\t\t\t\t\t\t}\r\n\t\t\t\t\t});\r\n\t\t\t\t});\r\n\t\t\t<\/script>\r\n<\/div><div id=\"aq-block-2076-2\" class=\"aq-block aq-block-met_page_header aq_span12 aq-first clearfix\">\r\n\t\t\t<div class=\"row-fluid\">\r\n\t\t\t\t<div class=\"span12\">\r\n\t\t\t\t\t<div class=\"met_page_header met_bgcolor5 clearfix\">\r\n\t\t\t\t\t\t<h1 class=\"met_bgcolor met_color2\">Cr\u00e9er une boutique<\/h1>\r\n\t\t\t\t\t\t<h2 class=\"met_color2\"> Voulez-vous monter un magasin de v\u00eatements pour enfants?&nbsp;<\/h2>\r\n\t\t\t\t\t<\/div>\r\n\t\t\t\t<\/div>\r\n\t\t\t<\/div><\/div><div id=\"aq-block-2076-3\" class=\"aq-block aq-block-aq_column_block aq_span8 aq-first clearfix\"><div id=\"aq-block-2076-4\" class=\"aq-block aq-block-met_tabs_block aq_span8 aq-first clearfix\">\t\t\t\t<ul id=\"myTab\" class=\"nav nav-tabs met_tab_nav met_bgcolor\">\r\n\t\t\t\t\t <li class=\"active\"><a href=\"#etapes-a-suivre1\" data-toggle=\"tab\">\u00c9tapes \u00e0 suivre<\/a><\/li>  <li ><a href=\"#modele-dentreprise2\" data-toggle=\"tab\">Mod\u00e8le d'entreprise<\/a><\/li>  <li ><a href=\"#le-representant3\" data-toggle=\"tab\">Le repr\u00e9sentant<\/a><\/li> \t\t\t\t<\/ul>\r\n\t\t\t\t<div id=\"met_tabs_69e8e2168ea01\" class=\"tab-content met_tab_content\">\r\n\t\t\t\t\t\t\t\t\t<div class=\"tab-pane fade active in\" id=\"etapes-a-suivre1\">\r\n\t\t\t\t\t\t<p><span style=\"color: #999999;\">Si vous \u00eates int\u00e9ress\u00e9 par la cr\u00e9ation de votre propre magasin, nos conseils sont les suivants : <\/span>\r\n  <ul>\r\n<\/p>\r\n<p>&nbsp; <\/p>\r\n    <li style=\"text-align: justify;\"><span style=\"color: #999999;\">Le plus important est de bien conna\u00eetre votre entreprise ou d\u2019avoir une personne exp\u00e9riment\u00e9e, capable de la g\u00e9rer \u00e0 votre place. De cette fa\u00e7on, vous pourrez \u00e9viter la plupart des \u00e9checs pr\u00e9coces. <br>\r\n    <\/span><span style=\"color: #999999;\"><br>\r\n    <\/span><\/li>\r\n\t<li style=\"text-align: justify;\"><span style=\"color: #999999;\"> Choisir la forme de son commerce, une franchise, une boutique ou un syst\u00e8me mixte. <br>\r\n\t  <br>\r\n\t<\/span><\/li>\r\n<li style=\"text-align: justify;\"><span style=\"color: #999999;\">Le financement. Bien \u00e9videmment l\u2019id\u00e9al serait un investissement initial de la part de l\u2019entrepreneur afin d\u2019\u00e9viter des charges variables d\u00e8s le d\u00e9but. Ayant besoin ou non d\u2019un investissement ext\u00e9rieur, vous devrez calculer le seuil de rentabilit\u00e9 pour commencer \u00e0 obtenir des b\u00e9n\u00e9fices. <br>\r\n  <br>\r\n<\/span><\/li>\r\n<li style=\"text-align: justify;\"><span style=\"color: #999999;\"> Le local. Conna\u00eetre l\u2019emplacement et la distribution est un autre point important \u00e0 prendre en consid\u00e9ration. Bien que le local puisse \u00eatre dans une rue ou un centre commercial, le trafic doit \u00eatre relativement abondant afin de maximiser les probabilit\u00e9s d\u2019achat. <br>\r\n  <br>\r\n<\/span>\t<\/li>\r\n<li style=\"text-align: justify;\"><span style=\"color: #999999;\">La vitrine. C\u2019est un \u00e9l\u00e9ment aussi important que le local. Elle permet d\u2019attirer l\u2019attention et d\u2019amener les clients \u00e0 entrer dans votre boutique. C\u2019est ce qu\u2019on appelle le vendeur passif. <\/span><br>\r\n  <br>\r\n<\/li>\r\n<li style=\"text-align: justify;\"><span style=\"color: #999999;\"> Les fournisseurs. Le choix de ses fournisseurs d\u00e9finira votre offre et la strat\u00e9gie \u00e0 suivre au sein de votre magasin. Le s\u00e9rieux, l\u2019engagement et la qualit\u00e9 sont des \u00e9l\u00e9ments clefs, vous permettant de choisir le fournisseur ad\u00e9quat. Internet et les salons sont les principales sources de recherche.<\/span><\/li>\r\n\t\t\t\t\t<\/div>\r\n\t\t\t\t\t\t\t\t\t<div class=\"tab-pane fade \" id=\"modele-dentreprise2\">\r\n\t\t\t\t\t\t<p><span style=\"color: #999999;\">Mod\u00e8le d\u2019entreprise. (Temporalidad)<\/span>\r\n  <ul> \r\n<\/p>\r\n<p>&nbsp; <\/p>\r\n<li style=\"text-align: justify;\"><span style=\"color: #999999;\"> Les commandes. Normalement, elles se font deux fois par ans, co\u00efncidant avec la campagne Printemps\/\u00c9t\u00e9 et Automne\/Hiver. <\/span><br>\r\n  <br>\r\n<\/li>\r\n\t<li style=\"text-align: justify;\"><span style=\"color: #999999;\">les r\u00e9<\/span><span style=\"color: #999999;\">approvisionements. Ce sont des r\u00e9approvisionnements ponctuels, durant la campagne, permettant de compl\u00e9ter l\u2019offre. Bien que nous ne puissions pas garantir le stock si la commande n'a pas \u00e9t\u00e9 pass\u00e9e avant. <\/span><br>\r\n\t  <br>\r\n\t<\/li>\r\n\t<li style=\"text-align: justify;\"><span style=\"color: #999999;\"> Quand acheter ? Les commandes se font, g\u00e9n\u00e9ralement, 1 an ou 6 mois \u00e0 l\u2019avance. <\/span><span style=\"color: #999999;\"> La saison pr\u00e9c\u00e9dente vient de se terminer et nous avons des informations r\u00e9centes sur les produits ayant eu le plus de succ\u00e8s sur la saison \u00e0 venir.<\/span><br>\r\n\t  <br>\r\n\t<\/li>\r\n\t<li style=\"text-align: justify;\"><span style=\"color: #999999;\"> Paiement. Au d\u00e9but, mieux vaut payer au comptant. Mais dans le cas o\u00f9 vous avez une assurance alors le paiement se fera selon les r\u00e8gles et conditions de la dite assurance. Au fur et \u00e0 mesure, la relation commerciale pourra \u00e9voluer avec votre fournisseur et les moyens de paiement seront plus flexibles. <\/span><br>\r\n\t  <br>\r\n\t<\/li>\r\n\t<li style=\"text-align: justify;\"><span style=\"color: #999999;\"> Les v\u00eatements invendus. Pour l\u2019exc\u00e9dent de la saison, le mode de liquidation est bien connu ; Les soldes. Bien que la marge diminue de mani\u00e8re significative, le but est de r\u00e9cup\u00e9rer de l'espace  au sein du magasin et placer les nouvelles collections.<\/span><\/li>\r\n\t\t\t\t\t<\/div>\r\n\t\t\t\t\t\t\t\t\t<div class=\"tab-pane fade \" id=\"le-representant3\">\r\n\t\t\t\t\t\t<p><span style=\"color: #999999;\">R\u00f4le des repr\u00e9sentants<\/span>\r\n  <ul>\r\n<\/p>\r\n<p>&nbsp; <\/p>\r\n\r\n<li style=\"text-align: justify;\"><span style=\"color: #999999;\"> Le r\u00f4le du repr\u00e9sentant est essentiellement consultatif. Il est votre conseiller d\u2019achat en fonction de votre magasin et de vos clients. Il sera en mesure de vous expliquer et de vous guider sur l'offre que vous souhaitez proposer. <\/span><br>\r\n  <br>\r\n<\/li>\r\n\t<li style=\"text-align: justify;\"><span style=\"color: #999999;\">La prise de commande peut se passer dans votre magasin ou lors de l'un de nos Showroom. <\/span><br>\r\n\t  <br>\r\n\t<\/li>\r\n\t<li style=\"text-align: justify;\"><span style=\"color: #999999;\"> Il sera votre contact direct au sein de l\u2019entreprise, la personne en charge de vous aider et de r\u00e9pondre \u00e0 toutes vos attentes.<\/span><\/li>\r\n\t\t\t\t\t<\/div>\r\n\t\t\t\t\t\t\t\t<\/div>\r\n\r\n\r\n<\/div><\/div><div id=\"aq-block-2076-5\" class=\"aq-block aq-block-aq_column_block aq_span4  clearfix\"><div id=\"aq-block-2076-6\" class=\"aq-block aq-block-met_text_balloon_block aq_span3 aq-first clearfix\">\t\t<div class=\"row-fluid\">\r\n\t\t\t<div class=\"span12\">\r\n\t\t\t\t<div class=\"met_cacoon_sidebar met_color2 met_bgcolor3 clearfix \" style=\"font-size:14px;line-height:21px;background-color:#9e9fa0!important;color:#FFFFFF!important;\">\r\n\t\t\t\t\t<h2 class=\"met_title_stack\">Nous vous invitons \u00e0 notre exposition pour que vous nous connaissiez mieux<\/h2>\t\t\t\t\t\r\n\t\t\t\t\t<div class=\"met_cacoon_sidebar_wrapper\">\r\n\t\t\t\t\t\t<div class=\"met_cacoon_sidebar_item clearfix\">\r\n\t\t\t\t\t\t\t<p><p>\n\t<li> Si vous souhaitez nous rencontrer pour mieux nous conna\u00eetre, vous pouvez assister \u00e0 l'une de nos expositions.  Laissez vos coordonn\u00e9es ici. <\/li>\n<\/p>\n\n<div role=\"form\" class=\"wpcf7\" id=\"wpcf7-f1611-o3\" lang=\"es-ES\" dir=\"ltr\">\n<div class=\"screen-reader-response\"><p role=\"status\" aria-live=\"polite\" aria-atomic=\"true\"><\/p> <ul><\/ul><\/div>\n<form action=\"\/fr\/wp-json\/wp\/v2\/pages\/1578#wpcf7-f1611-o3\" method=\"post\" class=\"wpcf7-form init\" novalidate=\"novalidate\" data-status=\"init\">\n<div style=\"display: none;\">\n<input type=\"hidden\" name=\"_wpcf7\" value=\"1611\" \/>\n<input type=\"hidden\" name=\"_wpcf7_version\" value=\"5.4.1\" \/>\n<input type=\"hidden\" name=\"_wpcf7_locale\" value=\"es_ES\" \/>\n<input type=\"hidden\" name=\"_wpcf7_unit_tag\" value=\"wpcf7-f1611-o3\" \/>\n<input type=\"hidden\" name=\"_wpcf7_container_post\" value=\"0\" \/>\n<input type=\"hidden\" name=\"_wpcf7_posted_data_hash\" value=\"\" \/>\n<\/div>\n<p>Nombre - Name - Nom<br \/>\n    <span class=\"wpcf7-form-control-wrap your-name\"><input type=\"text\" name=\"your-name\" value=\"\" size=\"40\" class=\"wpcf7-form-control wpcf7-text wpcf7-validates-as-required\" aria-required=\"true\" aria-invalid=\"false\" \/><\/span> <\/p>\n<p>E-mail <br \/>\n    <span class=\"wpcf7-form-control-wrap your-email\"><input type=\"email\" name=\"your-email\" value=\"\" size=\"40\" class=\"wpcf7-form-control wpcf7-text wpcf7-email wpcf7-validates-as-required wpcf7-validates-as-email\" aria-required=\"true\" aria-invalid=\"false\" \/><\/span> <\/p>\n<p>Mensaje - Message <br \/>\n    <span class=\"wpcf7-form-control-wrap your-message\"><textarea name=\"your-message\" cols=\"40\" rows=\"10\" class=\"wpcf7-form-control wpcf7-textarea\" aria-invalid=\"false\"><\/textarea><\/span> <\/p>\n<p><input type=\"submit\" value=\"Enviar\" class=\"wpcf7-form-control wpcf7-submit\" \/><\/p>\n<p style=\"display: none !important;\"><label>&#916;<textarea name=\"_wpcf7_ak_hp_textarea\" cols=\"45\" rows=\"8\" maxlength=\"100\"><\/textarea><\/label><input type=\"hidden\" id=\"ak_js_3\" name=\"_wpcf7_ak_js\" value=\"126\"\/><script>document.getElementById( \"ak_js_3\" ).setAttribute( \"value\", ( new Date() ).getTime() );<\/script><\/p><div class=\"wpcf7-response-output\" aria-hidden=\"true\"><\/div><\/form><\/div>\n<\/p>\r\n\t\t\t\t\t\t<\/div>\r\n\t\t\t\t\t<\/div>\r\n\t\t\t\t<\/div>\r\n\t\t\t<\/div>\r\n\t\t<\/div>\r\n<\/div><\/div><div id=\"aq-block-2076-7\" class=\"aq-block aq-block-met_blog_list_one aq_span12 aq-first clearfix\">\r\n\t\t\t<div class=\"row-fluid\">\r\n\t\t\t\t\t\t\t\t\t\t\t\t\t<div class=\"span2\">\r\n\t\t\t\t\t<div class=\"met_dated_blog_posts\">\r\n\t\t\t\t\t\t<span class=\"met_date\">25<\/span>\r\n\t\t\t\t\t\t<span class=\"met_month\">October<\/span>\r\n\t\t\t\t\t\t<article>\r\n\t\t\t\t\t\t\t<h3>ICEX-BREXIT<\/h3>\r\n\t\t\t\t\t\t\t<p>Nuestra empresa ha sido beneficiaria de una ayuda por parte\u2026<\/p>\r\n\t\t\t\t\t\t\t<a href=\"https:\/\/www.grupotuttopiccolo.com\/fr\/icex-brexit\/\" class=\"met_read_more met_color\">Lire plus<\/a>\r\n\t\t\t\t\t\t<\/article>\r\n\t\t\t\t\t<\/div>\r\n\t\t\t\t<\/div>\r\n\t\t\t\t\t\t\t\t\t\t<div class=\"span2\">\r\n\t\t\t\t\t<div class=\"met_dated_blog_posts\">\r\n\t\t\t\t\t\t<span class=\"met_date\">18<\/span>\r\n\t\t\t\t\t\t<span class=\"met_month\">April<\/span>\r\n\t\t\t\t\t\t<article>\r\n\t\t\t\t\t\t\t<h3>Consultor\u00eda estrat\u00e9gica<\/h3>\r\n\t\t\t\t\t\t\t<p>Tutto Piccolo, S.A. ha realizado acciones enfocadas a la consultor\u00eda\u2026<\/p>\r\n\t\t\t\t\t\t\t<a href=\"https:\/\/www.grupotuttopiccolo.com\/fr\/consultoria-estrategica\/\" class=\"met_read_more met_color\">Lire plus<\/a>\r\n\t\t\t\t\t\t<\/article>\r\n\t\t\t\t\t<\/div>\r\n\t\t\t\t<\/div>\r\n\t\t\t\t\t\t\t\t\t\t<div class=\"span2\">\r\n\t\t\t\t\t<div class=\"met_dated_blog_posts\">\r\n\t\t\t\t\t\t<span class=\"met_date\">18<\/span>\r\n\t\t\t\t\t\t<span class=\"met_month\">January<\/span>\r\n\t\t\t\t\t\t<article>\r\n\t\t\t\t\t\t\t<h3>Web Digitaliza 2022<\/h3>\r\n\t\t\t\t\t\t\t<p>La empresa TUTTO PICCOLO, S.A. mediante el apoyo financiero del\u2026<\/p>\r\n\t\t\t\t\t\t\t<a href=\"https:\/\/www.grupotuttopiccolo.com\/fr\/web-digitaliza-2022\/\" class=\"met_read_more met_color\">Lire plus<\/a>\r\n\t\t\t\t\t\t<\/article>\r\n\t\t\t\t\t<\/div>\r\n\t\t\t\t<\/div>\r\n\t\t\t\t\t\t\t\t\t\t<div class=\"span2\">\r\n\t\t\t\t\t<div class=\"met_dated_blog_posts\">\r\n\t\t\t\t\t\t<span class=\"met_date\">24<\/span>\r\n\t\t\t\t\t\t<span class=\"met_month\">January<\/span>\r\n\t\t\t\t\t\t<article>\r\n\t\t\t\t\t\t\t<h3>Tutto Piccolo junto con Asepri en INDEX<\/h3>\r\n\t\t\t\t\t\t\t<p>TUTTO PICCOLO junto con ASEPRI, S.L. ha participado en la\u2026<\/p>\r\n\t\t\t\t\t\t\t<a href=\"https:\/\/www.grupotuttopiccolo.com\/fr\/tutto-piccolo-junto-con-asepri-en-index\/\" class=\"met_read_more met_color\">Lire plus<\/a>\r\n\t\t\t\t\t\t<\/article>\r\n\t\t\t\t\t<\/div>\r\n\t\t\t\t<\/div>\r\n\t\t\t\t\t\t\t\t\t\t<div class=\"span2\">\r\n\t\t\t\t\t<div class=\"met_dated_blog_posts\">\r\n\t\t\t\t\t\t<span class=\"met_date\">03<\/span>\r\n\t\t\t\t\t\t<span class=\"met_month\">January<\/span>\r\n\t\t\t\t\t\t<article>\r\n\t\t\t\t\t\t\t<h3>Ayudas IVACE<\/h3>\r\n\t\t\t\t\t\t\t<p>La empresa ha recibido una ayuda del organismo Instituto Valenciano\u2026<\/p>\r\n\t\t\t\t\t\t\t<a href=\"https:\/\/www.grupotuttopiccolo.com\/fr\/ayudas-ivace\/\" class=\"met_read_more met_color\">Lire plus<\/a>\r\n\t\t\t\t\t\t<\/article>\r\n\t\t\t\t\t<\/div>\r\n\t\t\t\t<\/div>\r\n\t\t\t\t\t\t\t\t\t\t<div class=\"span2\">\r\n\t\t\t\t\t<div class=\"met_dated_blog_posts\">\r\n\t\t\t\t\t\t<span class=\"met_date\">14<\/span>\r\n\t\t\t\t\t\t<span class=\"met_month\">July<\/span>\r\n\t\t\t\t\t\t<article>\r\n\t\t\t\t\t\t\t<h3>Agatha Ruiz de la Prada Baby Spring Summer 18<\/h3>\r\n\t\t\t\t\t\t\t<p>Agatha Ruiz de la Prada Baby Summer 2018 trends \u00a0\u2026<\/p>\r\n\t\t\t\t\t\t\t<a href=\"https:\/\/www.grupotuttopiccolo.com\/fr\/agatha-ruiz-la-prada-baby-spring-summer-18\/\" class=\"met_read_more met_color\">Lire plus<\/a>\r\n\t\t\t\t\t\t<\/article>\r\n\t\t\t\t\t<\/div>\r\n\t\t\t\t<\/div>\r\n\t\t\t\t\t\t<\/div>\r\n\r\n<\/div><\/div><\/p>","protected":false},"excerpt":{"rendered":"","protected":false},"author":6,"featured_media":0,"parent":0,"menu_order":0,"comment_status":"closed","ping_status":"closed","template":"","meta":{"footnotes":""},"aioseo_notices":[],"yoast_head":"<!-- This site is optimized with the Yoast SEO plugin v16.2 - https:\/\/yoast.com\/wordpress\/plugins\/seo\/ -->\n<meta name=\"description\" content=\"Si est\u00e1s interesado en crear tu propio negocio de moda infantil. Grupo Tutto Piccolo\" \/>\n<meta name=\"robots\" content=\"index, follow, max-snippet:-1, max-image-preview:large, max-video-preview:-1\" \/>\n<link rel=\"canonical\" href=\"https:\/\/www.grupotuttopiccolo.com\/montar-una-tienda\/\" \/>\n<meta property=\"og:locale\" content=\"fr_FR\" \/>\n<meta property=\"og:type\" content=\"article\" \/>\n<meta property=\"og:title\" content=\"Montar una tienda - Grupo Tutto Piccolo\" \/>\n<meta property=\"og:description\" content=\"Si est\u00e1s interesado en crear tu propio negocio de moda infantil. Grupo Tutto Piccolo\" \/>\n<meta property=\"og:url\" content=\"https:\/\/www.grupotuttopiccolo.com\/montar-una-tienda\/\" \/>\n<meta property=\"og:site_name\" content=\"Grupo Tutto Piccolo\" \/>\n<meta property=\"article:modified_time\" content=\"2014-04-14T10:17:45+00:00\" \/>\n<script type=\"application\/ld+json\" class=\"yoast-schema-graph\">{\"@context\":\"https:\/\/schema.org\",\"@graph\":[{\"@type\":\"WebSite\",\"@id\":\"https:\/\/www.grupotuttopiccolo.com\/#website\",\"url\":\"https:\/\/www.grupotuttopiccolo.com\/\",\"name\":\"Grupo Tutto Piccolo\",\"description\":\"Tutto Piccolo, ropa infantil, ropa bebe, ni\\u00f1o, ni\\u00f1a, tienda online, moda infantil, newborn, minikinder, vestido ni\\u00f1a, bebe\",\"potentialAction\":[{\"@type\":\"SearchAction\",\"target\":\"https:\/\/www.grupotuttopiccolo.com\/?s={search_term_string}\",\"query-input\":\"required name=search_term_string\"}],\"inLanguage\":\"fr-FR\"},{\"@type\":\"WebPage\",\"@id\":\"https:\/\/www.grupotuttopiccolo.com\/montar-una-tienda\/#webpage\",\"url\":\"https:\/\/www.grupotuttopiccolo.com\/montar-una-tienda\/\",\"name\":\"Montar una tienda - Grupo Tutto Piccolo\",\"isPartOf\":{\"@id\":\"https:\/\/www.grupotuttopiccolo.com\/#website\"},\"datePublished\":\"2013-11-14T11:10:16+00:00\",\"dateModified\":\"2014-04-14T10:17:45+00:00\",\"description\":\"Si est\\u00e1s interesado en crear tu propio negocio de moda infantil. Grupo Tutto Piccolo\",\"breadcrumb\":{\"@id\":\"https:\/\/www.grupotuttopiccolo.com\/montar-una-tienda\/#breadcrumb\"},\"inLanguage\":\"fr-FR\",\"potentialAction\":[{\"@type\":\"ReadAction\",\"target\":[\"https:\/\/www.grupotuttopiccolo.com\/montar-una-tienda\/\"]}]},{\"@type\":\"BreadcrumbList\",\"@id\":\"https:\/\/www.grupotuttopiccolo.com\/montar-una-tienda\/#breadcrumb\",\"itemListElement\":[{\"@type\":\"ListItem\",\"position\":1,\"item\":{\"@type\":\"WebPage\",\"@id\":\"https:\/\/www.grupotuttopiccolo.com\/\",\"url\":\"https:\/\/www.grupotuttopiccolo.com\/\",\"name\":\"Home\"}},{\"@type\":\"ListItem\",\"position\":2,\"item\":{\"@id\":\"https:\/\/www.grupotuttopiccolo.com\/montar-una-tienda\/#webpage\"}}]}]}<\/script>\n<!-- \/ Yoast SEO plugin. -->","_links":{"self":[{"href":"https:\/\/www.grupotuttopiccolo.com\/fr\/wp-json\/wp\/v2\/pages\/1578"}],"collection":[{"href":"https:\/\/www.grupotuttopiccolo.com\/fr\/wp-json\/wp\/v2\/pages"}],"about":[{"href":"https:\/\/www.grupotuttopiccolo.com\/fr\/wp-json\/wp\/v2\/types\/page"}],"author":[{"embeddable":true,"href":"https:\/\/www.grupotuttopiccolo.com\/fr\/wp-json\/wp\/v2\/users\/6"}],"replies":[{"embeddable":true,"href":"https:\/\/www.grupotuttopiccolo.com\/fr\/wp-json\/wp\/v2\/comments?post=1578"}],"version-history":[{"count":3,"href":"https:\/\/www.grupotuttopiccolo.com\/fr\/wp-json\/wp\/v2\/pages\/1578\/revisions"}],"predecessor-version":[{"id":2077,"href":"https:\/\/www.grupotuttopiccolo.com\/fr\/wp-json\/wp\/v2\/pages\/1578\/revisions\/2077"}],"wp:attachment":[{"href":"https:\/\/www.grupotuttopiccolo.com\/fr\/wp-json\/wp\/v2\/media?parent=1578"}],"curies":[{"name":"wp","href":"https:\/\/api.w.org\/{rel}","templated":true}]}}