{"id":1581,"date":"2013-11-14T11:11:05","date_gmt":"2013-11-14T11:11:05","guid":{"rendered":"http:\/\/www.grupotuttopiccolo.com\/?page_id=1581"},"modified":"2014-04-16T15:47:41","modified_gmt":"2014-04-16T15:47:41","slug":"zona-usuario","status":"publish","type":"page","link":"https:\/\/www.grupotuttopiccolo.com\/fr\/zona-usuario\/","title":{"rendered":"Espace client"},"content":{"rendered":"<p><div id=\"aq-template-wrapper-2093\" class=\"aq-template-wrapper aq_row\"><div id=\"aq-block-2093-1\" class=\"aq-block aq-block-met_page_header aq_span12 aq-first clearfix\">\r\n\t\t\t<div class=\"row-fluid\">\r\n\t\t\t\t<div class=\"span12\">\r\n\t\t\t\t\t<div class=\"met_page_header met_bgcolor5 clearfix\">\r\n\t\t\t\t\t\t<h1 class=\"met_bgcolor met_color2\">Espace client<\/h1>\r\n\t\t\t\t\t\t<h2 class=\"met_color2\">&nbsp;<\/h2>\r\n\t\t\t\t\t<\/div>\r\n\t\t\t\t<\/div>\r\n\t\t\t<\/div><\/div><div id=\"aq-block-2093-2\" class=\"aq-block aq-block-met_text_block aq_span6 aq-first clearfix\">\t\t<div class=\"row-fluid\">\r\n\t\t\t<div class=\"span12\">\r\n\t\t\t\t<div class=\"met_text_block\" style=\"font-size:14px;line-height:21px;background-color:#F1F4F7!important;color:#65676F!important;padding: 30\"><p>\n<div align=\"justify\"> Acc\u00e9dez \u00e0 notre espace B2B, s\u00e9lectionnez l\u2019une de nos marques et entrez l\u2019identifiant que nous vous avons donn\u00e9 pr\u00e9alablement. <\/div>\n<\/p>\n<img src=\"http:\/\/www.grupotuttopiccolo.com\/wp-content\/uploads\/2013\/11\/b2b_tutto_piccolo.png\" width=\"508\" height=\"453\" alt=\"\"\/>\n<\/div>\r\n\t\t\t<\/div>\r\n\t\t<\/div>\r\n<\/div><div id=\"aq-block-2093-3\" class=\"aq-block aq-block-met_tabs_block aq_span6  clearfix\"><div id=\"met_69e8b04b72aec\" class=\"accordion met_accordion scrolled\">\r\n\t\t\t\t\t<div class=\"accordion-group scrolled__item\">\r\n\t\t\t\t\t\t<div class=\"accordion-heading\">\r\n\t\t\t\t\t\t\t<a class=\"accordion-toggle in\" data-toggle=\"collapse\" data-parent=\"#met_69e8b04b72aec\" href=\"#collapse_2\">\r\n\t\t\t\t\t\t\t\t<span class=\"met_toggle_text\">Tutto Piccolo<\/span>\r\n\t\t\t\t\t\t\t\t<span class=\"met_icon_minus\"><\/span>\r\n\t\t\t\t\t\t\t<\/a>\r\n\t\t\t\t\t\t<\/div>\r\n\t\t\t\t\t\t<div id=\"collapse_2\" class=\"accordion-body collapse in\">\r\n\t\t\t\t\t\t\t<div class=\"accordion-inner\"><p><a href=\"http:\/\/b2b.tuttopiccolo.com\" tittle=\"b2b Tutto Piccolo\"><img src=\"http:\/\/www.grupotuttopiccolo.com\/wp-content\/uploads\/2013\/11\/clientes_tutto_piccolo.png\" alt=\"Tutto Piccolo\" \/><br \/>\n<\/a><\/p>\n<\/div>\r\n\t\t\t\t\t\t<\/div>\r\n\t\t\t\t\t<\/div><!-- Accordion Group Ends -->\r\n\t\t\t\t\t\r\n\t\t\t\t\t<div class=\"accordion-group scrolled__item\">\r\n\t\t\t\t\t\t<div class=\"accordion-heading\">\r\n\t\t\t\t\t\t\t<a class=\"accordion-toggle collapsed\" data-toggle=\"collapse\" data-parent=\"#met_69e8b04b72aec\" href=\"#collapse_3\">\r\n\t\t\t\t\t\t\t\t<span class=\"met_toggle_text\">Agatha Ruiz de la Prada Baby<\/span>\r\n\t\t\t\t\t\t\t\t<span class=\"met_icon_plus\"><\/span>\r\n\t\t\t\t\t\t\t<\/a>\r\n\t\t\t\t\t\t<\/div>\r\n\t\t\t\t\t\t<div id=\"collapse_3\" class=\"accordion-body collapse collapsed\">\r\n\t\t\t\t\t\t\t<div class=\"accordion-inner\"><p><a href=\"http:\/\/b2b.agatharuizdelapradababy.com\" tittle=\"b2b Agatha Ruiz de la Prada Baby\"><br \/>\n<img src=\"http:\/\/www.grupotuttopiccolo.com\/wp-content\/uploads\/2013\/11\/clientes_agatha.png\" alt=\"Agatha Ruiz de la Prada Baby\" \/><br \/>\n<\/a><\/p>\n<\/div>\r\n\t\t\t\t\t\t<\/div>\r\n\t\t\t\t\t<\/div><!-- Accordion Group Ends -->\r\n\t\t\t\t\t<\/div><\/div><div id=\"aq-block-2093-4\" class=\"aq-block aq-block-aq_clear_block aq_span12 aq-first clearfix\"><\/div><div id=\"aq-block-2093-5\" class=\"aq-block aq-block-aq_column_block aq_span12 aq-first clearfix\"><div id=\"aq-block-2093-6\" class=\"aq-block aq-block-met_blog_list_one aq_span12 aq-first clearfix\">\r\n\t\t\t<div class=\"row-fluid\">\r\n\t\t\t\t\t\t\t\t\t\t\t\t\t<div class=\"span2\">\r\n\t\t\t\t\t<div class=\"met_dated_blog_posts\">\r\n\t\t\t\t\t\t<span class=\"met_date\">25<\/span>\r\n\t\t\t\t\t\t<span class=\"met_month\">October<\/span>\r\n\t\t\t\t\t\t<article>\r\n\t\t\t\t\t\t\t<h3>ICEX-BREXIT<\/h3>\r\n\t\t\t\t\t\t\t<p>Nuestra empresa ha sido beneficiaria de una ayuda por parte\u2026<\/p>\r\n\t\t\t\t\t\t\t<a href=\"https:\/\/www.grupotuttopiccolo.com\/fr\/icex-brexit\/\" class=\"met_read_more met_color\">Lire plus<\/a>\r\n\t\t\t\t\t\t<\/article>\r\n\t\t\t\t\t<\/div>\r\n\t\t\t\t<\/div>\r\n\t\t\t\t\t\t\t\t\t\t<div class=\"span2\">\r\n\t\t\t\t\t<div class=\"met_dated_blog_posts\">\r\n\t\t\t\t\t\t<span class=\"met_date\">18<\/span>\r\n\t\t\t\t\t\t<span class=\"met_month\">April<\/span>\r\n\t\t\t\t\t\t<article>\r\n\t\t\t\t\t\t\t<h3>Consultor\u00eda estrat\u00e9gica<\/h3>\r\n\t\t\t\t\t\t\t<p>Tutto Piccolo, S.A. ha realizado acciones enfocadas a la consultor\u00eda\u2026<\/p>\r\n\t\t\t\t\t\t\t<a href=\"https:\/\/www.grupotuttopiccolo.com\/fr\/consultoria-estrategica\/\" class=\"met_read_more met_color\">Lire plus<\/a>\r\n\t\t\t\t\t\t<\/article>\r\n\t\t\t\t\t<\/div>\r\n\t\t\t\t<\/div>\r\n\t\t\t\t\t\t\t\t\t\t<div class=\"span2\">\r\n\t\t\t\t\t<div class=\"met_dated_blog_posts\">\r\n\t\t\t\t\t\t<span class=\"met_date\">18<\/span>\r\n\t\t\t\t\t\t<span class=\"met_month\">January<\/span>\r\n\t\t\t\t\t\t<article>\r\n\t\t\t\t\t\t\t<h3>Web Digitaliza 2022<\/h3>\r\n\t\t\t\t\t\t\t<p>La empresa TUTTO PICCOLO, S.A. mediante el apoyo financiero del\u2026<\/p>\r\n\t\t\t\t\t\t\t<a href=\"https:\/\/www.grupotuttopiccolo.com\/fr\/web-digitaliza-2022\/\" class=\"met_read_more met_color\">Lire plus<\/a>\r\n\t\t\t\t\t\t<\/article>\r\n\t\t\t\t\t<\/div>\r\n\t\t\t\t<\/div>\r\n\t\t\t\t\t\t\t\t\t\t<div class=\"span2\">\r\n\t\t\t\t\t<div class=\"met_dated_blog_posts\">\r\n\t\t\t\t\t\t<span class=\"met_date\">24<\/span>\r\n\t\t\t\t\t\t<span class=\"met_month\">January<\/span>\r\n\t\t\t\t\t\t<article>\r\n\t\t\t\t\t\t\t<h3>Tutto Piccolo junto con Asepri en INDEX<\/h3>\r\n\t\t\t\t\t\t\t<p>TUTTO PICCOLO junto con ASEPRI, S.L. ha participado en la\u2026<\/p>\r\n\t\t\t\t\t\t\t<a href=\"https:\/\/www.grupotuttopiccolo.com\/fr\/tutto-piccolo-junto-con-asepri-en-index\/\" class=\"met_read_more met_color\">Lire plus<\/a>\r\n\t\t\t\t\t\t<\/article>\r\n\t\t\t\t\t<\/div>\r\n\t\t\t\t<\/div>\r\n\t\t\t\t\t\t\t\t\t\t<div class=\"span2\">\r\n\t\t\t\t\t<div class=\"met_dated_blog_posts\">\r\n\t\t\t\t\t\t<span class=\"met_date\">03<\/span>\r\n\t\t\t\t\t\t<span class=\"met_month\">January<\/span>\r\n\t\t\t\t\t\t<article>\r\n\t\t\t\t\t\t\t<h3>Ayudas IVACE<\/h3>\r\n\t\t\t\t\t\t\t<p>La empresa ha recibido una ayuda del organismo Instituto Valenciano\u2026<\/p>\r\n\t\t\t\t\t\t\t<a href=\"https:\/\/www.grupotuttopiccolo.com\/fr\/ayudas-ivace\/\" class=\"met_read_more met_color\">Lire plus<\/a>\r\n\t\t\t\t\t\t<\/article>\r\n\t\t\t\t\t<\/div>\r\n\t\t\t\t<\/div>\r\n\t\t\t\t\t\t\t\t\t\t<div class=\"span2\">\r\n\t\t\t\t\t<div class=\"met_dated_blog_posts\">\r\n\t\t\t\t\t\t<span class=\"met_date\">14<\/span>\r\n\t\t\t\t\t\t<span class=\"met_month\">July<\/span>\r\n\t\t\t\t\t\t<article>\r\n\t\t\t\t\t\t\t<h3>Agatha Ruiz de la Prada Baby Spring Summer 18<\/h3>\r\n\t\t\t\t\t\t\t<p>Agatha Ruiz de la Prada Baby Summer 2018 trends \u00a0\u2026<\/p>\r\n\t\t\t\t\t\t\t<a href=\"https:\/\/www.grupotuttopiccolo.com\/fr\/agatha-ruiz-la-prada-baby-spring-summer-18\/\" class=\"met_read_more met_color\">Lire plus<\/a>\r\n\t\t\t\t\t\t<\/article>\r\n\t\t\t\t\t<\/div>\r\n\t\t\t\t<\/div>\r\n\t\t\t\t\t\t<\/div>\r\n\r\n<\/div><\/div><\/div><\/p>","protected":false},"excerpt":{"rendered":"","protected":false},"author":6,"featured_media":0,"parent":0,"menu_order":0,"comment_status":"closed","ping_status":"closed","template":"","meta":{"footnotes":""},"aioseo_notices":[],"yoast_head":"<!-- This site is optimized with the Yoast SEO plugin v16.2 - https:\/\/yoast.com\/wordpress\/plugins\/seo\/ -->\n<meta name=\"description\" content=\"Zona Usuario - Grupo Tutto Piccolo, Acceso B2B\" \/>\n<meta name=\"robots\" content=\"index, follow, max-snippet:-1, max-image-preview:large, max-video-preview:-1\" \/>\n<link rel=\"canonical\" href=\"https:\/\/www.grupotuttopiccolo.com\/en\/zona-usuario\/\" \/>\n<meta property=\"og:locale\" content=\"fr_FR\" \/>\n<meta property=\"og:type\" content=\"article\" \/>\n<meta property=\"og:title\" content=\"Zona usuario - Grupo Tutto Piccolo\" \/>\n<meta property=\"og:description\" content=\"Zona Usuario - Grupo Tutto Piccolo, Acceso B2B\" \/>\n<meta property=\"og:url\" content=\"https:\/\/www.grupotuttopiccolo.com\/en\/zona-usuario\/\" \/>\n<meta property=\"og:site_name\" content=\"Grupo Tutto Piccolo\" \/>\n<meta property=\"article:modified_time\" content=\"2014-04-16T15:47:41+00:00\" \/>\n<script type=\"application\/ld+json\" class=\"yoast-schema-graph\">{\"@context\":\"https:\/\/schema.org\",\"@graph\":[{\"@type\":\"WebSite\",\"@id\":\"https:\/\/www.grupotuttopiccolo.com\/#website\",\"url\":\"https:\/\/www.grupotuttopiccolo.com\/\",\"name\":\"Grupo Tutto Piccolo\",\"description\":\"Tutto Piccolo, ropa infantil, ropa bebe, ni\\u00f1o, ni\\u00f1a, tienda online, moda infantil, newborn, minikinder, vestido ni\\u00f1a, bebe\",\"potentialAction\":[{\"@type\":\"SearchAction\",\"target\":\"https:\/\/www.grupotuttopiccolo.com\/?s={search_term_string}\",\"query-input\":\"required name=search_term_string\"}],\"inLanguage\":\"fr-FR\"},{\"@type\":\"WebPage\",\"@id\":\"https:\/\/www.grupotuttopiccolo.com\/en\/zona-usuario\/#webpage\",\"url\":\"https:\/\/www.grupotuttopiccolo.com\/en\/zona-usuario\/\",\"name\":\"Zona usuario - Grupo Tutto Piccolo\",\"isPartOf\":{\"@id\":\"https:\/\/www.grupotuttopiccolo.com\/#website\"},\"datePublished\":\"2013-11-14T11:11:05+00:00\",\"dateModified\":\"2014-04-16T15:47:41+00:00\",\"description\":\"Zona Usuario - Grupo Tutto Piccolo, Acceso B2B\",\"breadcrumb\":{\"@id\":\"https:\/\/www.grupotuttopiccolo.com\/en\/zona-usuario\/#breadcrumb\"},\"inLanguage\":\"fr-FR\",\"potentialAction\":[{\"@type\":\"ReadAction\",\"target\":[\"https:\/\/www.grupotuttopiccolo.com\/en\/zona-usuario\/\"]}]},{\"@type\":\"BreadcrumbList\",\"@id\":\"https:\/\/www.grupotuttopiccolo.com\/en\/zona-usuario\/#breadcrumb\",\"itemListElement\":[{\"@type\":\"ListItem\",\"position\":1,\"item\":{\"@type\":\"WebPage\",\"@id\":\"https:\/\/www.grupotuttopiccolo.com\/\",\"url\":\"https:\/\/www.grupotuttopiccolo.com\/\",\"name\":\"Home\"}},{\"@type\":\"ListItem\",\"position\":2,\"item\":{\"@id\":\"https:\/\/www.grupotuttopiccolo.com\/en\/zona-usuario\/#webpage\"}}]}]}<\/script>\n<!-- \/ Yoast SEO plugin. -->","_links":{"self":[{"href":"https:\/\/www.grupotuttopiccolo.com\/fr\/wp-json\/wp\/v2\/pages\/1581"}],"collection":[{"href":"https:\/\/www.grupotuttopiccolo.com\/fr\/wp-json\/wp\/v2\/pages"}],"about":[{"href":"https:\/\/www.grupotuttopiccolo.com\/fr\/wp-json\/wp\/v2\/types\/page"}],"author":[{"embeddable":true,"href":"https:\/\/www.grupotuttopiccolo.com\/fr\/wp-json\/wp\/v2\/users\/6"}],"replies":[{"embeddable":true,"href":"https:\/\/www.grupotuttopiccolo.com\/fr\/wp-json\/wp\/v2\/comments?post=1581"}],"version-history":[{"count":2,"href":"https:\/\/www.grupotuttopiccolo.com\/fr\/wp-json\/wp\/v2\/pages\/1581\/revisions"}],"predecessor-version":[{"id":2094,"href":"https:\/\/www.grupotuttopiccolo.com\/fr\/wp-json\/wp\/v2\/pages\/1581\/revisions\/2094"}],"wp:attachment":[{"href":"https:\/\/www.grupotuttopiccolo.com\/fr\/wp-json\/wp\/v2\/media?parent=1581"}],"curies":[{"name":"wp","href":"https:\/\/api.w.org\/{rel}","templated":true}]}}